{"id":3667,"date":"2020-04-12T03:06:25","date_gmt":"2020-04-12T00:06:25","guid":{"rendered":"https:\/\/dagon.ro\/produs\/clestar\/"},"modified":"2025-03-04T20:12:47","modified_gmt":"2025-03-04T18:12:47","slug":"clestar-2019","status":"publish","type":"product","link":"https:\/\/dagon.ro\/en\/produs\/clestar-2019\/","title":{"rendered":"Cle\u015ftar 2022"},"content":{"rendered":"","protected":false},"excerpt":{"rendered":"<p><span style=\"font-weight: 400;\">Dry White, 2022<br \/>\n\u2014<br \/>\nIncredibly refreshing, lively, and vibrant, patiently fermented in oak barrels. Exotic aromas. Oriental spices. Next level Dealu Mare magic.<br \/>\n\u2014<br \/>\nAlcohol: 12,8% vol.<br \/>\nGrapes: Feteasc\u0103 Alb\u0103, Feteasc\u0103 Regal\u0103, T\u0103m\u00e2ioas\u0103 Rom\u00e2neasc\u0103<\/span><\/p>\n","protected":false},"featured_media":4117,"comment_status":"open","ping_status":"closed","template":"","meta":[],"product_brand":[],"product_cat":[526],"product_tag":[525,541],"class_list":{"0":"post-3667","1":"product","2":"type-product","3":"status-publish","4":"has-post-thumbnail","6":"product_cat-clan-en","7":"product_tag-crama-en","8":"product_tag-oferte-en","10":"first","11":"instock","12":"taxable","13":"shipping-taxable","14":"purchasable","15":"product-type-simple","16":"prodpage-style3"},"yoast_head":"<!-- This site is optimized with the Yoast SEO Premium plugin v27.1 (Yoast SEO v27.2) - https:\/\/yoast.com\/product\/yoast-seo-premium-wordpress\/ -->\n<title>Cle\u015ftar 2022 - Crama Dagon<\/title>\n<meta name=\"robots\" content=\"index, follow, max-snippet:-1, max-image-preview:large, max-video-preview:-1\" \/>\n<link rel=\"canonical\" href=\"https:\/\/dagon.ro\/en\/produs\/clestar-2019\/\" \/>\n<meta property=\"og:locale\" content=\"en_US\" \/>\n<meta property=\"og:type\" content=\"article\" \/>\n<meta property=\"og:title\" content=\"Cle\u015ftar 2022\" \/>\n<meta property=\"og:description\" content=\"Dry White, 2022 \u2014 Incredibly refreshing, lively, and vibrant, patiently fermented in oak barrels. Exotic aromas. Oriental spices. Next level Dealu Mare magic. \u2014 Alcohol: 12,8% vol. Grapes: Feteasc\u0103 Alb\u0103, Feteasc\u0103 Regal\u0103, T\u0103m\u00e2ioas\u0103 Rom\u00e2neasc\u0103\" \/>\n<meta property=\"og:url\" content=\"https:\/\/dagon.ro\/en\/produs\/clestar-2019\/\" \/>\n<meta property=\"og:site_name\" content=\"Crama Dagon\" \/>\n<meta property=\"article:publisher\" content=\"https:\/\/www.facebook.com\/DagonWine\" \/>\n<meta property=\"article:modified_time\" content=\"2025-03-04T18:12:47+00:00\" \/>\n<meta property=\"og:image\" content=\"https:\/\/dagon.ro\/wp-content\/uploads\/2020\/04\/Clestar-Dagon.png\" \/>\n\t<meta property=\"og:image:width\" content=\"800\" \/>\n\t<meta property=\"og:image:height\" content=\"800\" \/>\n\t<meta property=\"og:image:type\" content=\"image\/png\" \/>\n<meta name=\"twitter:card\" content=\"summary_large_image\" \/>\n<meta name=\"twitter:site\" content=\"@dagonclan\" \/>\n<meta name=\"twitter:label1\" content=\"Price\" \/>\n\t<meta name=\"twitter:data1\" content=\"49&nbsp;lei\" \/>\n\t<meta name=\"twitter:label2\" content=\"Availability\" \/>\n\t<meta name=\"twitter:data2\" content=\"In stock\" \/>\n<script type=\"application\/ld+json\" class=\"yoast-schema-graph\">{\"@context\":\"https:\/\/schema.org\",\"@graph\":[{\"@type\":\"WebPage\",\"@id\":\"https:\/\/dagon.ro\/en\/produs\/clestar-2019\/\",\"url\":\"https:\/\/dagon.ro\/en\/produs\/clestar-2019\/\",\"name\":\"Cle\u015ftar 2022 - Crama Dagon\",\"isPartOf\":{\"@id\":\"https:\/\/dagon.ro\/#website\"},\"primaryImageOfPage\":{\"@id\":\"https:\/\/dagon.ro\/en\/produs\/clestar-2019\/#primaryimage\"},\"image\":{\"@id\":\"https:\/\/dagon.ro\/en\/produs\/clestar-2019\/#primaryimage\"},\"thumbnailUrl\":\"https:\/\/dagon.ro\/wp-content\/uploads\/2020\/04\/Clestar-Dagon.png\",\"datePublished\":\"2020-04-12T00:06:25+00:00\",\"dateModified\":\"2025-03-04T18:12:47+00:00\",\"breadcrumb\":{\"@id\":\"https:\/\/dagon.ro\/en\/produs\/clestar-2019\/#breadcrumb\"},\"inLanguage\":\"en-US\",\"potentialAction\":[{\"@type\":\"ReadAction\",\"target\":[\"https:\/\/dagon.ro\/en\/produs\/clestar-2019\/\"]}]},{\"@type\":\"ImageObject\",\"inLanguage\":\"en-US\",\"@id\":\"https:\/\/dagon.ro\/en\/produs\/clestar-2019\/#primaryimage\",\"url\":\"https:\/\/dagon.ro\/wp-content\/uploads\/2020\/04\/Clestar-Dagon.png\",\"contentUrl\":\"https:\/\/dagon.ro\/wp-content\/uploads\/2020\/04\/Clestar-Dagon.png\",\"width\":800,\"height\":800,\"caption\":\"Clestar-Dagon\"},{\"@type\":\"BreadcrumbList\",\"@id\":\"https:\/\/dagon.ro\/en\/produs\/clestar-2019\/#breadcrumb\",\"itemListElement\":[{\"@type\":\"ListItem\",\"position\":1,\"name\":\"Prima pagin\u0103\",\"item\":\"https:\/\/dagon.ro\/en\/\"},{\"@type\":\"ListItem\",\"position\":2,\"name\":\"Shop en\",\"item\":\"https:\/\/dagon.ro\/en\/shop-en\/\"},{\"@type\":\"ListItem\",\"position\":3,\"name\":\"Cle\u015ftar 2022\"}]},{\"@type\":\"WebSite\",\"@id\":\"https:\/\/dagon.ro\/#website\",\"url\":\"https:\/\/dagon.ro\/\",\"name\":\"Crama Dagon\",\"description\":\"Dealu Mare - Vin de Romania\",\"publisher\":{\"@id\":\"https:\/\/dagon.ro\/#organization\"},\"potentialAction\":[{\"@type\":\"SearchAction\",\"target\":{\"@type\":\"EntryPoint\",\"urlTemplate\":\"https:\/\/dagon.ro\/?s={search_term_string}\"},\"query-input\":{\"@type\":\"PropertyValueSpecification\",\"valueRequired\":true,\"valueName\":\"search_term_string\"}}],\"inLanguage\":\"en-US\"},{\"@type\":\"Organization\",\"@id\":\"https:\/\/dagon.ro\/#organization\",\"name\":\"Dagon\",\"url\":\"https:\/\/dagon.ro\/\",\"logo\":{\"@type\":\"ImageObject\",\"inLanguage\":\"en-US\",\"@id\":\"https:\/\/dagon.ro\/#\/schema\/logo\/image\/\",\"url\":\"https:\/\/dagon.ro\/wp-content\/uploads\/2020\/09\/logo_grey.png\",\"contentUrl\":\"https:\/\/dagon.ro\/wp-content\/uploads\/2020\/09\/logo_grey.png\",\"width\":507,\"height\":81,\"caption\":\"Dagon\"},\"image\":{\"@id\":\"https:\/\/dagon.ro\/#\/schema\/logo\/image\/\"},\"sameAs\":[\"https:\/\/www.facebook.com\/DagonWine\",\"https:\/\/x.com\/dagonclan\",\"https:\/\/www.instagram.com\/dagon_wine\/\"]}]}<\/script>\n<meta property=\"product:price:amount\" content=\"49\" \/>\n<meta property=\"product:price:currency\" content=\"RON\" \/>\n<meta property=\"og:availability\" content=\"instock\" \/>\n<meta property=\"product:availability\" content=\"instock\" \/>\n<meta property=\"product:retailer_item_id\" content=\"3618\" \/>\n<meta property=\"product:condition\" content=\"new\" \/>\n<!-- \/ Yoast SEO Premium plugin. -->","yoast_head_json":{"title":"Cle\u015ftar 2022 - Crama Dagon","robots":{"index":"index","follow":"follow","max-snippet":"max-snippet:-1","max-image-preview":"max-image-preview:large","max-video-preview":"max-video-preview:-1"},"canonical":"https:\/\/dagon.ro\/en\/produs\/clestar-2019\/","og_locale":"en_US","og_type":"article","og_title":"Cle\u015ftar 2022","og_description":"Dry White, 2022 \u2014 Incredibly refreshing, lively, and vibrant, patiently fermented in oak barrels. Exotic aromas. Oriental spices. Next level Dealu Mare magic. \u2014 Alcohol: 12,8% vol. Grapes: Feteasc\u0103 Alb\u0103, Feteasc\u0103 Regal\u0103, T\u0103m\u00e2ioas\u0103 Rom\u00e2neasc\u0103","og_url":"https:\/\/dagon.ro\/en\/produs\/clestar-2019\/","og_site_name":"Crama Dagon","article_publisher":"https:\/\/www.facebook.com\/DagonWine","article_modified_time":"2025-03-04T18:12:47+00:00","og_image":[{"width":800,"height":800,"url":"https:\/\/dagon.ro\/wp-content\/uploads\/2020\/04\/Clestar-Dagon.png","type":"image\/png"}],"twitter_card":"summary_large_image","twitter_site":"@dagonclan","twitter_misc":{"Price":"49&nbsp;lei","Availability":"In stock"},"schema":{"@context":"https:\/\/schema.org","@graph":[{"@type":"WebPage","@id":"https:\/\/dagon.ro\/en\/produs\/clestar-2019\/","url":"https:\/\/dagon.ro\/en\/produs\/clestar-2019\/","name":"Cle\u015ftar 2022 - Crama Dagon","isPartOf":{"@id":"https:\/\/dagon.ro\/#website"},"primaryImageOfPage":{"@id":"https:\/\/dagon.ro\/en\/produs\/clestar-2019\/#primaryimage"},"image":{"@id":"https:\/\/dagon.ro\/en\/produs\/clestar-2019\/#primaryimage"},"thumbnailUrl":"https:\/\/dagon.ro\/wp-content\/uploads\/2020\/04\/Clestar-Dagon.png","datePublished":"2020-04-12T00:06:25+00:00","dateModified":"2025-03-04T18:12:47+00:00","breadcrumb":{"@id":"https:\/\/dagon.ro\/en\/produs\/clestar-2019\/#breadcrumb"},"inLanguage":"en-US","potentialAction":[{"@type":"ReadAction","target":["https:\/\/dagon.ro\/en\/produs\/clestar-2019\/"]}]},{"@type":"ImageObject","inLanguage":"en-US","@id":"https:\/\/dagon.ro\/en\/produs\/clestar-2019\/#primaryimage","url":"https:\/\/dagon.ro\/wp-content\/uploads\/2020\/04\/Clestar-Dagon.png","contentUrl":"https:\/\/dagon.ro\/wp-content\/uploads\/2020\/04\/Clestar-Dagon.png","width":800,"height":800,"caption":"Clestar-Dagon"},{"@type":"BreadcrumbList","@id":"https:\/\/dagon.ro\/en\/produs\/clestar-2019\/#breadcrumb","itemListElement":[{"@type":"ListItem","position":1,"name":"Prima pagin\u0103","item":"https:\/\/dagon.ro\/en\/"},{"@type":"ListItem","position":2,"name":"Shop en","item":"https:\/\/dagon.ro\/en\/shop-en\/"},{"@type":"ListItem","position":3,"name":"Cle\u015ftar 2022"}]},{"@type":"WebSite","@id":"https:\/\/dagon.ro\/#website","url":"https:\/\/dagon.ro\/","name":"Crama Dagon","description":"Dealu Mare - Vin de Romania","publisher":{"@id":"https:\/\/dagon.ro\/#organization"},"potentialAction":[{"@type":"SearchAction","target":{"@type":"EntryPoint","urlTemplate":"https:\/\/dagon.ro\/?s={search_term_string}"},"query-input":{"@type":"PropertyValueSpecification","valueRequired":true,"valueName":"search_term_string"}}],"inLanguage":"en-US"},{"@type":"Organization","@id":"https:\/\/dagon.ro\/#organization","name":"Dagon","url":"https:\/\/dagon.ro\/","logo":{"@type":"ImageObject","inLanguage":"en-US","@id":"https:\/\/dagon.ro\/#\/schema\/logo\/image\/","url":"https:\/\/dagon.ro\/wp-content\/uploads\/2020\/09\/logo_grey.png","contentUrl":"https:\/\/dagon.ro\/wp-content\/uploads\/2020\/09\/logo_grey.png","width":507,"height":81,"caption":"Dagon"},"image":{"@id":"https:\/\/dagon.ro\/#\/schema\/logo\/image\/"},"sameAs":["https:\/\/www.facebook.com\/DagonWine","https:\/\/x.com\/dagonclan","https:\/\/www.instagram.com\/dagon_wine\/"]}]},"product_price_amount":"49","product_price_currency":"RON","og_availability":"instock","product_availability":"instock","product_retailer_item_id":"3618","product_condition":"new"},"_links":{"self":[{"href":"https:\/\/dagon.ro\/en\/wp-json\/wp\/v2\/product\/3667","targetHints":{"allow":["GET"]}}],"collection":[{"href":"https:\/\/dagon.ro\/en\/wp-json\/wp\/v2\/product"}],"about":[{"href":"https:\/\/dagon.ro\/en\/wp-json\/wp\/v2\/types\/product"}],"replies":[{"embeddable":true,"href":"https:\/\/dagon.ro\/en\/wp-json\/wp\/v2\/comments?post=3667"}],"wp:featuredmedia":[{"embeddable":true,"href":"https:\/\/dagon.ro\/en\/wp-json\/wp\/v2\/media\/4117"}],"wp:attachment":[{"href":"https:\/\/dagon.ro\/en\/wp-json\/wp\/v2\/media?parent=3667"}],"wp:term":[{"taxonomy":"product_brand","embeddable":true,"href":"https:\/\/dagon.ro\/en\/wp-json\/wp\/v2\/product_brand?post=3667"},{"taxonomy":"product_cat","embeddable":true,"href":"https:\/\/dagon.ro\/en\/wp-json\/wp\/v2\/product_cat?post=3667"},{"taxonomy":"product_tag","embeddable":true,"href":"https:\/\/dagon.ro\/en\/wp-json\/wp\/v2\/product_tag?post=3667"}],"curies":[{"name":"wp","href":"https:\/\/api.w.org\/{rel}","templated":true}]}}