{"id":4534,"date":"2021-05-22T14:07:08","date_gmt":"2022-08-28T15:47:00","guid":{"rendered":"https:\/\/dagon.ro\/?post_type=product&#038;p=4534"},"modified":"2025-03-04T20:08:38","modified_gmt":"2025-03-04T18:08:38","slug":"dagon-clestar-2019-package-4-2-bottles","status":"publish","type":"product","link":"https:\/\/dagon.ro\/en\/produs\/dagon-clestar-2019-package-4-2-bottles\/","title":{"rendered":"Dagon Cle\u015ftar 2022 | Package 4 + 2 Bottles"},"content":{"rendered":"","protected":false},"excerpt":{"rendered":"<p><strong>You have a GIFT 2 bottles of wine from us and free shipping!<br \/>\n\u2014<br \/>\n<\/strong>Dry White, 2022<br \/>\n\u2014<br \/>\nIncredibly refreshing, lively, and vibrant, patiently fermented in oak barrels. Exotic aromas. Oriental spices. Next level Dealu Mare magic.<br \/>\n\u2014<br \/>\nAlcohol: 12,8% vol.<br \/>\nGrapes: Feteasc\u0103 Alb\u0103, Feteasc\u0103 Regal\u0103, T\u0103m\u00e2ioas\u0103 Rom\u00e2neasc\u0103<\/p>\n","protected":false},"featured_media":4136,"comment_status":"open","ping_status":"closed","template":"","meta":[],"product_brand":[],"product_cat":[540],"product_tag":[541],"class_list":{"0":"post-4534","1":"product","2":"type-product","3":"status-publish","4":"has-post-thumbnail","6":"product_cat-oferte-en","7":"product_tag-oferte-en","9":"first","10":"instock","11":"sale","12":"taxable","13":"shipping-taxable","14":"purchasable","15":"product-type-simple","16":"prodpage-style3"},"yoast_head":"<!-- This site is optimized with the Yoast SEO Premium plugin v27.1 (Yoast SEO v27.2) - https:\/\/yoast.com\/product\/yoast-seo-premium-wordpress\/ -->\n<title>Dagon Cle\u015ftar 2022 | Package 4 + 2 Bottles - Crama Dagon<\/title>\n<meta name=\"robots\" content=\"index, follow, max-snippet:-1, max-image-preview:large, max-video-preview:-1\" \/>\n<link rel=\"canonical\" href=\"https:\/\/dagon.ro\/en\/produs\/dagon-clestar-2019-package-4-2-bottles\/\" \/>\n<meta property=\"og:locale\" content=\"en_US\" \/>\n<meta property=\"og:type\" content=\"article\" \/>\n<meta property=\"og:title\" content=\"Dagon Cle\u015ftar 2022 | Package 4 + 2 Bottles\" \/>\n<meta property=\"og:description\" content=\"You have a GIFT 2 bottles of wine from us and free shipping! \u2014 Dry White, 2022 \u2014 Incredibly refreshing, lively, and vibrant, patiently fermented in oak barrels. Exotic aromas. Oriental spices. Next level Dealu Mare magic. \u2014 Alcohol: 12,8% vol. Grapes: Feteasc\u0103 Alb\u0103, Feteasc\u0103 Regal\u0103, T\u0103m\u00e2ioas\u0103 Rom\u00e2neasc\u0103\" \/>\n<meta property=\"og:url\" content=\"https:\/\/dagon.ro\/en\/produs\/dagon-clestar-2019-package-4-2-bottles\/\" \/>\n<meta property=\"og:site_name\" content=\"Crama Dagon\" \/>\n<meta property=\"article:publisher\" content=\"https:\/\/www.facebook.com\/DagonWine\" \/>\n<meta property=\"article:modified_time\" content=\"2025-03-04T18:08:38+00:00\" \/>\n<meta property=\"og:image\" content=\"https:\/\/dagon.ro\/wp-content\/uploads\/2021\/05\/Clestar_42_square_MODIF2-copy-7-e1621682931188.jpg\" \/>\n\t<meta property=\"og:image:width\" content=\"1074\" \/>\n\t<meta property=\"og:image:height\" content=\"1074\" \/>\n\t<meta property=\"og:image:type\" content=\"image\/jpeg\" \/>\n<meta name=\"twitter:card\" content=\"summary_large_image\" \/>\n<meta name=\"twitter:site\" content=\"@dagonclan\" \/>\n<meta name=\"twitter:label1\" content=\"Price\" \/>\n\t<meta name=\"twitter:data1\" content=\"196&nbsp;lei\" \/>\n\t<meta name=\"twitter:label2\" content=\"Availability\" \/>\n\t<meta name=\"twitter:data2\" content=\"In stock\" \/>\n<script type=\"application\/ld+json\" class=\"yoast-schema-graph\">{\"@context\":\"https:\/\/schema.org\",\"@graph\":[{\"@type\":\"WebPage\",\"@id\":\"https:\/\/dagon.ro\/en\/produs\/dagon-clestar-2019-package-4-2-bottles\/\",\"url\":\"https:\/\/dagon.ro\/en\/produs\/dagon-clestar-2019-package-4-2-bottles\/\",\"name\":\"Dagon Cle\u015ftar 2022 | Package 4 + 2 Bottles - Crama Dagon\",\"isPartOf\":{\"@id\":\"https:\/\/dagon.ro\/#website\"},\"primaryImageOfPage\":{\"@id\":\"https:\/\/dagon.ro\/en\/produs\/dagon-clestar-2019-package-4-2-bottles\/#primaryimage\"},\"image\":{\"@id\":\"https:\/\/dagon.ro\/en\/produs\/dagon-clestar-2019-package-4-2-bottles\/#primaryimage\"},\"thumbnailUrl\":\"https:\/\/dagon.ro\/wp-content\/uploads\/2021\/05\/Clestar_42_square_MODIF2-copy-7-e1621682931188.jpg\",\"datePublished\":\"2022-08-28T15:47:00+00:00\",\"dateModified\":\"2025-03-04T18:08:38+00:00\",\"breadcrumb\":{\"@id\":\"https:\/\/dagon.ro\/en\/produs\/dagon-clestar-2019-package-4-2-bottles\/#breadcrumb\"},\"inLanguage\":\"en-US\",\"potentialAction\":[{\"@type\":\"ReadAction\",\"target\":[\"https:\/\/dagon.ro\/en\/produs\/dagon-clestar-2019-package-4-2-bottles\/\"]}]},{\"@type\":\"ImageObject\",\"inLanguage\":\"en-US\",\"@id\":\"https:\/\/dagon.ro\/en\/produs\/dagon-clestar-2019-package-4-2-bottles\/#primaryimage\",\"url\":\"https:\/\/dagon.ro\/wp-content\/uploads\/2021\/05\/Clestar_42_square_MODIF2-copy-7-e1621682931188.jpg\",\"contentUrl\":\"https:\/\/dagon.ro\/wp-content\/uploads\/2021\/05\/Clestar_42_square_MODIF2-copy-7-e1621682931188.jpg\",\"width\":1074,\"height\":1074},{\"@type\":\"BreadcrumbList\",\"@id\":\"https:\/\/dagon.ro\/en\/produs\/dagon-clestar-2019-package-4-2-bottles\/#breadcrumb\",\"itemListElement\":[{\"@type\":\"ListItem\",\"position\":1,\"name\":\"Prima pagin\u0103\",\"item\":\"https:\/\/dagon.ro\/en\/\"},{\"@type\":\"ListItem\",\"position\":2,\"name\":\"Shop en\",\"item\":\"https:\/\/dagon.ro\/en\/shop-en\/\"},{\"@type\":\"ListItem\",\"position\":3,\"name\":\"Dagon Cle\u015ftar 2022 | Package 4 + 2 Bottles\"}]},{\"@type\":\"WebSite\",\"@id\":\"https:\/\/dagon.ro\/#website\",\"url\":\"https:\/\/dagon.ro\/\",\"name\":\"Crama Dagon\",\"description\":\"Dealu Mare - Vin de Romania\",\"publisher\":{\"@id\":\"https:\/\/dagon.ro\/#organization\"},\"potentialAction\":[{\"@type\":\"SearchAction\",\"target\":{\"@type\":\"EntryPoint\",\"urlTemplate\":\"https:\/\/dagon.ro\/?s={search_term_string}\"},\"query-input\":{\"@type\":\"PropertyValueSpecification\",\"valueRequired\":true,\"valueName\":\"search_term_string\"}}],\"inLanguage\":\"en-US\"},{\"@type\":\"Organization\",\"@id\":\"https:\/\/dagon.ro\/#organization\",\"name\":\"Dagon\",\"url\":\"https:\/\/dagon.ro\/\",\"logo\":{\"@type\":\"ImageObject\",\"inLanguage\":\"en-US\",\"@id\":\"https:\/\/dagon.ro\/#\/schema\/logo\/image\/\",\"url\":\"https:\/\/dagon.ro\/wp-content\/uploads\/2020\/09\/logo_grey.png\",\"contentUrl\":\"https:\/\/dagon.ro\/wp-content\/uploads\/2020\/09\/logo_grey.png\",\"width\":507,\"height\":81,\"caption\":\"Dagon\"},\"image\":{\"@id\":\"https:\/\/dagon.ro\/#\/schema\/logo\/image\/\"},\"sameAs\":[\"https:\/\/www.facebook.com\/DagonWine\",\"https:\/\/x.com\/dagonclan\",\"https:\/\/www.instagram.com\/dagon_wine\/\"]}]}<\/script>\n<meta property=\"product:price:amount\" content=\"196\" \/>\n<meta property=\"product:price:currency\" content=\"RON\" \/>\n<meta property=\"og:availability\" content=\"instock\" \/>\n<meta property=\"product:availability\" content=\"instock\" \/>\n<meta property=\"product:retailer_item_id\" content=\"8362\" \/>\n<meta property=\"product:condition\" content=\"new\" \/>\n<!-- \/ Yoast SEO Premium plugin. -->","yoast_head_json":{"title":"Dagon Cle\u015ftar 2022 | Package 4 + 2 Bottles - Crama Dagon","robots":{"index":"index","follow":"follow","max-snippet":"max-snippet:-1","max-image-preview":"max-image-preview:large","max-video-preview":"max-video-preview:-1"},"canonical":"https:\/\/dagon.ro\/en\/produs\/dagon-clestar-2019-package-4-2-bottles\/","og_locale":"en_US","og_type":"article","og_title":"Dagon Cle\u015ftar 2022 | Package 4 + 2 Bottles","og_description":"You have a GIFT 2 bottles of wine from us and free shipping! \u2014 Dry White, 2022 \u2014 Incredibly refreshing, lively, and vibrant, patiently fermented in oak barrels. Exotic aromas. Oriental spices. Next level Dealu Mare magic. \u2014 Alcohol: 12,8% vol. Grapes: Feteasc\u0103 Alb\u0103, Feteasc\u0103 Regal\u0103, T\u0103m\u00e2ioas\u0103 Rom\u00e2neasc\u0103","og_url":"https:\/\/dagon.ro\/en\/produs\/dagon-clestar-2019-package-4-2-bottles\/","og_site_name":"Crama Dagon","article_publisher":"https:\/\/www.facebook.com\/DagonWine","article_modified_time":"2025-03-04T18:08:38+00:00","og_image":[{"width":1074,"height":1074,"url":"https:\/\/dagon.ro\/wp-content\/uploads\/2021\/05\/Clestar_42_square_MODIF2-copy-7-e1621682931188.jpg","type":"image\/jpeg"}],"twitter_card":"summary_large_image","twitter_site":"@dagonclan","twitter_misc":{"Price":"196&nbsp;lei","Availability":"In stock"},"schema":{"@context":"https:\/\/schema.org","@graph":[{"@type":"WebPage","@id":"https:\/\/dagon.ro\/en\/produs\/dagon-clestar-2019-package-4-2-bottles\/","url":"https:\/\/dagon.ro\/en\/produs\/dagon-clestar-2019-package-4-2-bottles\/","name":"Dagon Cle\u015ftar 2022 | Package 4 + 2 Bottles - Crama Dagon","isPartOf":{"@id":"https:\/\/dagon.ro\/#website"},"primaryImageOfPage":{"@id":"https:\/\/dagon.ro\/en\/produs\/dagon-clestar-2019-package-4-2-bottles\/#primaryimage"},"image":{"@id":"https:\/\/dagon.ro\/en\/produs\/dagon-clestar-2019-package-4-2-bottles\/#primaryimage"},"thumbnailUrl":"https:\/\/dagon.ro\/wp-content\/uploads\/2021\/05\/Clestar_42_square_MODIF2-copy-7-e1621682931188.jpg","datePublished":"2022-08-28T15:47:00+00:00","dateModified":"2025-03-04T18:08:38+00:00","breadcrumb":{"@id":"https:\/\/dagon.ro\/en\/produs\/dagon-clestar-2019-package-4-2-bottles\/#breadcrumb"},"inLanguage":"en-US","potentialAction":[{"@type":"ReadAction","target":["https:\/\/dagon.ro\/en\/produs\/dagon-clestar-2019-package-4-2-bottles\/"]}]},{"@type":"ImageObject","inLanguage":"en-US","@id":"https:\/\/dagon.ro\/en\/produs\/dagon-clestar-2019-package-4-2-bottles\/#primaryimage","url":"https:\/\/dagon.ro\/wp-content\/uploads\/2021\/05\/Clestar_42_square_MODIF2-copy-7-e1621682931188.jpg","contentUrl":"https:\/\/dagon.ro\/wp-content\/uploads\/2021\/05\/Clestar_42_square_MODIF2-copy-7-e1621682931188.jpg","width":1074,"height":1074},{"@type":"BreadcrumbList","@id":"https:\/\/dagon.ro\/en\/produs\/dagon-clestar-2019-package-4-2-bottles\/#breadcrumb","itemListElement":[{"@type":"ListItem","position":1,"name":"Prima pagin\u0103","item":"https:\/\/dagon.ro\/en\/"},{"@type":"ListItem","position":2,"name":"Shop en","item":"https:\/\/dagon.ro\/en\/shop-en\/"},{"@type":"ListItem","position":3,"name":"Dagon Cle\u015ftar 2022 | Package 4 + 2 Bottles"}]},{"@type":"WebSite","@id":"https:\/\/dagon.ro\/#website","url":"https:\/\/dagon.ro\/","name":"Crama Dagon","description":"Dealu Mare - Vin de Romania","publisher":{"@id":"https:\/\/dagon.ro\/#organization"},"potentialAction":[{"@type":"SearchAction","target":{"@type":"EntryPoint","urlTemplate":"https:\/\/dagon.ro\/?s={search_term_string}"},"query-input":{"@type":"PropertyValueSpecification","valueRequired":true,"valueName":"search_term_string"}}],"inLanguage":"en-US"},{"@type":"Organization","@id":"https:\/\/dagon.ro\/#organization","name":"Dagon","url":"https:\/\/dagon.ro\/","logo":{"@type":"ImageObject","inLanguage":"en-US","@id":"https:\/\/dagon.ro\/#\/schema\/logo\/image\/","url":"https:\/\/dagon.ro\/wp-content\/uploads\/2020\/09\/logo_grey.png","contentUrl":"https:\/\/dagon.ro\/wp-content\/uploads\/2020\/09\/logo_grey.png","width":507,"height":81,"caption":"Dagon"},"image":{"@id":"https:\/\/dagon.ro\/#\/schema\/logo\/image\/"},"sameAs":["https:\/\/www.facebook.com\/DagonWine","https:\/\/x.com\/dagonclan","https:\/\/www.instagram.com\/dagon_wine\/"]}]},"product_price_amount":"196","product_price_currency":"RON","og_availability":"instock","product_availability":"instock","product_retailer_item_id":"8362","product_condition":"new"},"_links":{"self":[{"href":"https:\/\/dagon.ro\/en\/wp-json\/wp\/v2\/product\/4534","targetHints":{"allow":["GET"]}}],"collection":[{"href":"https:\/\/dagon.ro\/en\/wp-json\/wp\/v2\/product"}],"about":[{"href":"https:\/\/dagon.ro\/en\/wp-json\/wp\/v2\/types\/product"}],"replies":[{"embeddable":true,"href":"https:\/\/dagon.ro\/en\/wp-json\/wp\/v2\/comments?post=4534"}],"wp:featuredmedia":[{"embeddable":true,"href":"https:\/\/dagon.ro\/en\/wp-json\/wp\/v2\/media\/4136"}],"wp:attachment":[{"href":"https:\/\/dagon.ro\/en\/wp-json\/wp\/v2\/media?parent=4534"}],"wp:term":[{"taxonomy":"product_brand","embeddable":true,"href":"https:\/\/dagon.ro\/en\/wp-json\/wp\/v2\/product_brand?post=4534"},{"taxonomy":"product_cat","embeddable":true,"href":"https:\/\/dagon.ro\/en\/wp-json\/wp\/v2\/product_cat?post=4534"},{"taxonomy":"product_tag","embeddable":true,"href":"https:\/\/dagon.ro\/en\/wp-json\/wp\/v2\/product_tag?post=4534"}],"curies":[{"name":"wp","href":"https:\/\/api.w.org\/{rel}","templated":true}]}}